{"id":3259,"date":"2018-11-27T09:17:42","date_gmt":"2018-11-27T09:17:42","guid":{"rendered":"https:\/\/dev.heemkundezevenbergen.nl\/?page_id=3259"},"modified":"2023-03-21T18:58:23","modified_gmt":"2023-03-21T18:58:23","slug":"projects","status":"publish","type":"page","link":"https:\/\/dev.heemkundezevenbergen.nl\/?page_id=3259","title":{"rendered":"ACTUEEL"},"content":{"rendered":"\t\t<div data-elementor-type=\"wp-post\" data-elementor-id=\"3259\" class=\"elementor elementor-3259\">\n\t\t\t\t\t\t<section class=\"elementor-section elementor-top-section elementor-element elementor-element-98845a4 elementor-section-boxed elementor-section-height-default elementor-section-height-default\" data-id=\"98845a4\" data-element_type=\"section\" data-e-type=\"section\">\n\t\t\t\t\t\t<div class=\"elementor-container elementor-column-gap-default\">\n\t\t\t\t\t<div class=\"elementor-column elementor-col-100 elementor-top-column elementor-element elementor-element-4358f94\" data-id=\"4358f94\" data-element_type=\"column\" data-e-type=\"column\">\n\t\t\t<div class=\"elementor-widget-wrap elementor-element-populated\">\n\t\t\t\t\t\t<div class=\"elementor-element elementor-element-3a175ea elementor-widget elementor-widget-text-editor\" data-id=\"3a175ea\" data-element_type=\"widget\" data-e-type=\"widget\" data-widget_type=\"text-editor.default\">\n\t\t\t\t<div class=\"elementor-widget-container\">\n\t\t\t\t\t\t\t\t\t<h3><span style=\"color: #ffff00;\">\u00a0 \u00a0 \u00a0 \u00a0 \u00a0 \u00a0 \u00a0 \u00a0 \u00a0 \u00a0 \u00a0 \u00a0 \u00a0 \u00a0 \u00a0 \u00a0 \u00a0 \u00a0 \u00a0 \u00a0 \u00a0 \u00a0Actueel<\/span><\/h3><h3><span style=\"color: #ffff00;\">2 mei 2023: Lezing over Auschwitz:<\/span><\/h3><h4><span style=\"color: #ffff00;\">Zaal: Bij Verhoeven, Kerkstraat 8, Zevenbergen<\/span><\/h4><p style=\"line-height: 150%;\"><span style=\"font-size: 11.0pt; line-height: 150%; font-family: 'Arial',sans-serif;\">Herman Teerh\u00f6fer heeft 86 overlevenden van Auschwitz (in de leeftijd van 81 tot 97 jaar) ge\u00efnterviewd in Nederland, Belgi\u00eb, Duitsland, Isra\u00ebl, Engeland, Zweden en in Brazili\u00eb. Dit alles in de afgelopen negen jaar. In de lezing doet Herman verslag van de interviews en gaat hierbij in op de vraag waaruit mensen kracht putten in dergelijke extreme omstandigheden. Ook geeft hij antwoord op de vraag hoe deze mensen om zijn gegaan met hun traumatische ervaringen en zin gegeven hebben aan hun verdere leven. Aan de hand van korte videointerviewfragmenten (2 \u00e0 5 min) die Herman met Nederlandse Auschwitzoverlevenden gehouden heeft, licht hij toe hoe zij zich geestelijk staande hebben gehouden in Auschwitz en verschillende andere kampen, balancerend tussen hoop en vrees. Ge\u00efnterviewden hebben in verschillende kommando&#8217;s in Auschwitz gewerkt, zoals in het Auschwitzorkest, het Kanada kommando, het Philipskommando (Philips &#8211; Kamp Vught), het medisch kommando als arts, etc.<\/span><\/p><p style=\"line-height: 150%;\"><span style=\"font-size: 11.0pt; line-height: 150%; font-family: 'Arial',sans-serif;\">Hun levensverhaal vormt het uitgangspunt. De unieke getuigenissen (sommigen hebben Anne Frank meegemaakt in Westerbork en Auschwitz) zijn voorbeelden van het zoeken naar krachtbronnen (geloof\/zingeving) om weerstand te bieden aan gevangenschap, onderdrukking, ervaringen in Auschwitz en herinneringen aan dit vernietingskamp en aan andere concentratiekampen, zoals kamp Westerbork, kamp Vught, Buchenwald, Bergen-Belsen.<\/span><\/p>\t\t\t\t\t\t\t\t<\/div>\n\t\t\t\t<\/div>\n\t\t\t\t\t<\/div>\n\t\t<\/div>\n\t\t\t\t\t<\/div>\n\t\t<\/section>\n\t\t\t\t<section class=\"elementor-section elementor-top-section elementor-element elementor-element-8262e30 elementor-section-boxed elementor-section-height-default elementor-section-height-default\" data-id=\"8262e30\" data-element_type=\"section\" data-e-type=\"section\">\n\t\t\t\t\t\t<div class=\"elementor-container elementor-column-gap-no\">\n\t\t\t\t\t<div class=\"elementor-column elementor-col-100 elementor-top-column elementor-element elementor-element-da6ae65\" data-id=\"da6ae65\" data-element_type=\"column\" data-e-type=\"column\">\n\t\t\t<div class=\"elementor-widget-wrap elementor-element-populated\">\n\t\t\t\t\t\t<div class=\"elementor-element elementor-element-583dd10 elementor-widget elementor-widget-image\" data-id=\"583dd10\" data-element_type=\"widget\" data-e-type=\"widget\" data-widget_type=\"image.default\">\n\t\t\t\t<div class=\"elementor-widget-container\">\n\t\t\t\t\t\t\t\t\t\t\t\t\t\t\t<img fetchpriority=\"high\" decoding=\"async\" width=\"1024\" height=\"178\" src=\"https:\/\/dev.heemkundezevenbergen.nl\/wp-content\/uploads\/2023\/03\/Filmstrip-Auschwitz-2-2-1024x178.png\" class=\"attachment-large size-large wp-image-4885\" alt=\"\" srcset=\"https:\/\/dev.heemkundezevenbergen.nl\/wp-content\/uploads\/2023\/03\/Filmstrip-Auschwitz-2-2-1024x178.png 1024w, https:\/\/dev.heemkundezevenbergen.nl\/wp-content\/uploads\/2023\/03\/Filmstrip-Auschwitz-2-2-300x52.png 300w, https:\/\/dev.heemkundezevenbergen.nl\/wp-content\/uploads\/2023\/03\/Filmstrip-Auschwitz-2-2-768x134.png 768w, https:\/\/dev.heemkundezevenbergen.nl\/wp-content\/uploads\/2023\/03\/Filmstrip-Auschwitz-2-2-1536x267.png 1536w, https:\/\/dev.heemkundezevenbergen.nl\/wp-content\/uploads\/2023\/03\/Filmstrip-Auschwitz-2-2.png 1743w\" sizes=\"(max-width: 1024px) 100vw, 1024px\" \/>\t\t\t\t\t\t\t\t\t\t\t\t\t\t\t<\/div>\n\t\t\t\t<\/div>\n\t\t\t\t<div class=\"elementor-element elementor-element-b338352 elementor-widget elementor-widget-text-editor\" data-id=\"b338352\" data-element_type=\"widget\" data-e-type=\"widget\" data-widget_type=\"text-editor.default\">\n\t\t\t\t<div class=\"elementor-widget-container\">\n\t\t\t\t\t\t\t\t\t<hr \/><h3><span style=\"color: #ffff00;\">Vanaf\u00a0 1 februari 2023: Presentatie over de Watersnood van 1953<\/span><\/h3><p>Vanaf 1 februari 2023, toen het 70 jaar geleden was dat de Watersnood plaats vond in onze contreien, tot juni zal er in Museum Zevenbergen iedere zaterdagmiddag een presentatie te zien zijn over de Watersnood van 1953.\u00a0Deze presentatie is samengesteld uit foto\u2019s van de ramp, filmbeelden, krantenartikelen, herinneringen van mensen die het meemaakten en ander materiaal. Een en ander wordt aan elkaar gepraat door een medewerker dan wel een voice-over, afhankelijk van de beschikbaarheid van vrijwilligers. Verder hangen er in het museum een aantal foto\u2019s en kaarten van de ramp met verklarende teksten. Ook zijn er boeken en tijdschriften ter inzage.<br \/>Het museum is het hele jaar door op zaterdagmiddag geopend.<\/p><p class=\"MsoNormal\"><span style=\"color: #ffff00;\"><span style=\"text-decoration: underline;\">Klik hier voor een trailer van de presentatie zoals die in Museum Zevenbergen wordt getoond<\/span>\u00a0<\/span><\/p>\t\t\t\t\t\t\t\t<\/div>\n\t\t\t\t<\/div>\n\t\t\t\t<section class=\"elementor-section elementor-inner-section elementor-element elementor-element-7f6aba2 elementor-section-boxed elementor-section-height-default elementor-section-height-default\" data-id=\"7f6aba2\" data-element_type=\"section\" data-e-type=\"section\">\n\t\t\t\t\t\t<div class=\"elementor-container elementor-column-gap-default\">\n\t\t\t\t\t<div class=\"elementor-column elementor-col-50 elementor-inner-column elementor-element elementor-element-05feb98\" data-id=\"05feb98\" data-element_type=\"column\" data-e-type=\"column\">\n\t\t\t<div class=\"elementor-widget-wrap elementor-element-populated\">\n\t\t\t\t\t\t<div class=\"elementor-element elementor-element-75ac050 elementor-widget elementor-widget-image\" data-id=\"75ac050\" data-element_type=\"widget\" data-e-type=\"widget\" data-widget_type=\"image.default\">\n\t\t\t\t<div class=\"elementor-widget-container\">\n\t\t\t\t\t\t\t\t\t\t\t\t\t\t\t<img decoding=\"async\" width=\"1024\" height=\"692\" src=\"https:\/\/dev.heemkundezevenbergen.nl\/wp-content\/uploads\/2023\/03\/watersnood-2-1024x692.jpg\" class=\"attachment-large size-large wp-image-3844\" alt=\"\" srcset=\"https:\/\/dev.heemkundezevenbergen.nl\/wp-content\/uploads\/2023\/03\/watersnood-2-1024x692.jpg 1024w, https:\/\/dev.heemkundezevenbergen.nl\/wp-content\/uploads\/2023\/03\/watersnood-2-300x203.jpg 300w, https:\/\/dev.heemkundezevenbergen.nl\/wp-content\/uploads\/2023\/03\/watersnood-2-768x519.jpg 768w, https:\/\/dev.heemkundezevenbergen.nl\/wp-content\/uploads\/2023\/03\/watersnood-2.jpg 1168w\" sizes=\"(max-width: 1024px) 100vw, 1024px\" \/>\t\t\t\t\t\t\t\t\t\t\t\t\t\t\t<\/div>\n\t\t\t\t<\/div>\n\t\t\t\t\t<\/div>\n\t\t<\/div>\n\t\t\t\t<div class=\"elementor-column elementor-col-50 elementor-inner-column elementor-element elementor-element-50973a0\" data-id=\"50973a0\" data-element_type=\"column\" data-e-type=\"column\">\n\t\t\t<div class=\"elementor-widget-wrap elementor-element-populated\">\n\t\t\t\t\t\t<div class=\"elementor-element elementor-element-af7c71a elementor-widget elementor-widget-image\" data-id=\"af7c71a\" data-element_type=\"widget\" data-e-type=\"widget\" data-widget_type=\"image.default\">\n\t\t\t\t<div class=\"elementor-widget-container\">\n\t\t\t\t\t\t\t\t\t\t\t\t\t\t\t<img decoding=\"async\" width=\"1024\" height=\"692\" src=\"https:\/\/dev.heemkundezevenbergen.nl\/wp-content\/uploads\/2023\/03\/watersnood-1-1024x692.jpg\" class=\"attachment-large size-large wp-image-3843\" alt=\"\" srcset=\"https:\/\/dev.heemkundezevenbergen.nl\/wp-content\/uploads\/2023\/03\/watersnood-1-1024x692.jpg 1024w, https:\/\/dev.heemkundezevenbergen.nl\/wp-content\/uploads\/2023\/03\/watersnood-1-300x203.jpg 300w, https:\/\/dev.heemkundezevenbergen.nl\/wp-content\/uploads\/2023\/03\/watersnood-1-768x519.jpg 768w, https:\/\/dev.heemkundezevenbergen.nl\/wp-content\/uploads\/2023\/03\/watersnood-1-1536x1038.jpg 1536w, https:\/\/dev.heemkundezevenbergen.nl\/wp-content\/uploads\/2023\/03\/watersnood-1.jpg 1738w\" sizes=\"(max-width: 1024px) 100vw, 1024px\" \/>\t\t\t\t\t\t\t\t\t\t\t\t\t\t\t<\/div>\n\t\t\t\t<\/div>\n\t\t\t\t\t<\/div>\n\t\t<\/div>\n\t\t\t\t\t<\/div>\n\t\t<\/section>\n\t\t\t\t\t<\/div>\n\t\t<\/div>\n\t\t\t\t\t<\/div>\n\t\t<\/section>\n\t\t\t\t<section class=\"elementor-section elementor-top-section elementor-element elementor-element-87bd9b1 elementor-section-content-middle elementor-section-boxed elementor-section-height-default elementor-section-height-default\" data-id=\"87bd9b1\" data-element_type=\"section\" data-e-type=\"section\">\n\t\t\t\t\t\t\t<div class=\"elementor-background-overlay\"><\/div>\n\t\t\t\t\t\t\t<div class=\"elementor-container elementor-column-gap-no\">\n\t\t\t\t\t<div class=\"elementor-column elementor-col-100 elementor-top-column elementor-element elementor-element-59d9374\" data-id=\"59d9374\" data-element_type=\"column\" data-e-type=\"column\">\n\t\t\t<div class=\"elementor-widget-wrap elementor-element-populated\">\n\t\t\t\t\t\t<section class=\"elementor-section elementor-inner-section elementor-element elementor-element-38346f1 elementor-section-boxed elementor-section-height-default elementor-section-height-default\" data-id=\"38346f1\" data-element_type=\"section\" data-e-type=\"section\">\n\t\t\t\t\t\t<div class=\"elementor-container elementor-column-gap-default\">\n\t\t\t\t\t<div class=\"elementor-column elementor-col-50 elementor-inner-column elementor-element elementor-element-3b3feef\" data-id=\"3b3feef\" data-element_type=\"column\" data-e-type=\"column\">\n\t\t\t<div class=\"elementor-widget-wrap elementor-element-populated\">\n\t\t\t\t\t\t<div class=\"elementor-element elementor-element-237e626 elementor-widget elementor-widget-text-editor\" data-id=\"237e626\" data-element_type=\"widget\" data-e-type=\"widget\" data-widget_type=\"text-editor.default\">\n\t\t\t\t<div class=\"elementor-widget-container\">\n\t\t\t\t\t\t\t\t\t<h3 style=\"text-align: left;\"><span style=\"color: #ffff00;\">Watersnoodroute gemeente Moerdijk<br \/>(1953-2023)<\/span><\/h3><p>In verband met het feit dat 70 jaar geleden de watersnood plaats vond, waarbij ook de gemeente Moerdijk zwaar werd getroffen, is er een digitale watersnoodroute door de gemeente gemaakt. Deze route voert langs locaties van Heemkundekringen die aandacht besteden aan dit feit en langs punten die tijdens de watersnood een bepaalde betekenis hadden.\u00a0 Als u de route rijdt zal de app weten dat u bij zo&#8217;n punt komt en zal de informatie beschikbaar komen.<br \/>De route is beschikbaar op izi.TRAVEL. U moet dan wel de app downloaden.<\/p><p><span style=\"text-decoration: underline;\"><span style=\"color: #ffff00;\"><a style=\"color: #ffff00; text-decoration: underline;\" href=\"https:\/\/izi.travel\/nl\/f126-watersnoodroute-gemeente-moerdijk\/nl\" target=\"_blank\" rel=\"noopener\">U kunt de route vast op uw PC bekijken met deze link.<\/a><\/span><\/span><\/p>\t\t\t\t\t\t\t\t<\/div>\n\t\t\t\t<\/div>\n\t\t\t\t\t<\/div>\n\t\t<\/div>\n\t\t\t\t<div class=\"elementor-column elementor-col-50 elementor-inner-column elementor-element elementor-element-6115dce\" data-id=\"6115dce\" data-element_type=\"column\" data-e-type=\"column\">\n\t\t\t<div class=\"elementor-widget-wrap elementor-element-populated\">\n\t\t\t\t\t\t<div class=\"elementor-element elementor-element-736d074 elementor-widget elementor-widget-image\" data-id=\"736d074\" data-element_type=\"widget\" data-e-type=\"widget\" data-widget_type=\"image.default\">\n\t\t\t\t<div class=\"elementor-widget-container\">\n\t\t\t\t\t\t\t\t\t\t\t\t\t\t\t<img loading=\"lazy\" decoding=\"async\" width=\"516\" height=\"336\" src=\"https:\/\/dev.heemkundezevenbergen.nl\/wp-content\/uploads\/2023\/02\/Fort-Sabina-001_2-1.jpg\" class=\"attachment-large size-large wp-image-3568\" alt=\"\" srcset=\"https:\/\/dev.heemkundezevenbergen.nl\/wp-content\/uploads\/2023\/02\/Fort-Sabina-001_2-1.jpg 516w, https:\/\/dev.heemkundezevenbergen.nl\/wp-content\/uploads\/2023\/02\/Fort-Sabina-001_2-1-300x195.jpg 300w\" sizes=\"(max-width: 516px) 100vw, 516px\" \/>\t\t\t\t\t\t\t\t\t\t\t\t\t\t\t<\/div>\n\t\t\t\t<\/div>\n\t\t\t\t\t<\/div>\n\t\t<\/div>\n\t\t\t\t\t<\/div>\n\t\t<\/section>\n\t\t\t\t\t<\/div>\n\t\t<\/div>\n\t\t\t\t\t<\/div>\n\t\t<\/section>\n\t\t\t\t<section class=\"elementor-section elementor-top-section elementor-element elementor-element-30e360a elementor-section-boxed elementor-section-height-default elementor-section-height-default\" data-id=\"30e360a\" data-element_type=\"section\" data-e-type=\"section\">\n\t\t\t\t\t\t<div class=\"elementor-container elementor-column-gap-default\">\n\t\t\t\t\t<div class=\"elementor-column elementor-col-66 elementor-top-column elementor-element elementor-element-a267288\" data-id=\"a267288\" data-element_type=\"column\" data-e-type=\"column\">\n\t\t\t<div class=\"elementor-widget-wrap elementor-element-populated\">\n\t\t\t\t\t\t<div class=\"elementor-element elementor-element-2f34ed7 elementor-widget elementor-widget-text-editor\" data-id=\"2f34ed7\" data-element_type=\"widget\" data-e-type=\"widget\" data-widget_type=\"text-editor.default\">\n\t\t\t\t<div class=\"elementor-widget-container\">\n\t\t\t\t\t\t\t\t\t<h3><span style=\"color: #ffff00;\">31 december 2022:<span style=\"font-size: 1.5rem; font-style: inherit;\">\u00a0<br \/><\/span>In memoriam Ger Suijkerbuijk<\/span><\/h3><p><span style=\"color: #000000;\">Op 31 december 2022 is Ger Suiijkerbuijk overleden. Ger was een buitengewoon gewaardeerd vrijwilliger van de Heemkundekring Willem van Strijen en een bijzonder aardige man. Hij was uitermate serieus in zijn werk, maar ook altijd in voor een geintje. Een fanatieke carnavalsvierder en een harde werker.<\/span><\/p><p><span style=\"color: #000000;\">Hij leed al enkele jaren aan een slepende ziekte en was al weer enige tijd gestopt met zijn werkzaamheden voor de Heemkundekring, maar hij werd en wordt in ere gehouden bij onze club.<\/span><\/p>\t\t\t\t\t\t\t\t<\/div>\n\t\t\t\t<\/div>\n\t\t\t\t<div class=\"elementor-element elementor-element-3b234c8 elementor-widget elementor-widget-spacer\" data-id=\"3b234c8\" data-element_type=\"widget\" data-e-type=\"widget\" data-widget_type=\"spacer.default\">\n\t\t\t\t<div class=\"elementor-widget-container\">\n\t\t\t\t\t\t\t<div class=\"elementor-spacer\">\n\t\t\t<div class=\"elementor-spacer-inner\"><\/div>\n\t\t<\/div>\n\t\t\t\t\t\t<\/div>\n\t\t\t\t<\/div>\n\t\t\t\t\t<\/div>\n\t\t<\/div>\n\t\t\t\t<div class=\"elementor-column elementor-col-33 elementor-top-column elementor-element elementor-element-d568993\" data-id=\"d568993\" data-element_type=\"column\" data-e-type=\"column\">\n\t\t\t<div class=\"elementor-widget-wrap elementor-element-populated\">\n\t\t\t\t\t\t<div class=\"elementor-element elementor-element-7a02a42 elementor-widget elementor-widget-image\" data-id=\"7a02a42\" data-element_type=\"widget\" data-e-type=\"widget\" data-widget_type=\"image.default\">\n\t\t\t\t<div class=\"elementor-widget-container\">\n\t\t\t\t\t\t\t\t\t\t\t\t\t\t\t<img loading=\"lazy\" decoding=\"async\" width=\"578\" height=\"545\" src=\"https:\/\/dev.heemkundezevenbergen.nl\/wp-content\/uploads\/2023\/02\/Ger-Suijkerbuijk-met-helm.png\" class=\"attachment-large size-large wp-image-2118\" alt=\"\" srcset=\"https:\/\/dev.heemkundezevenbergen.nl\/wp-content\/uploads\/2023\/02\/Ger-Suijkerbuijk-met-helm.png 578w, https:\/\/dev.heemkundezevenbergen.nl\/wp-content\/uploads\/2023\/02\/Ger-Suijkerbuijk-met-helm-300x283.png 300w\" sizes=\"(max-width: 578px) 100vw, 578px\" \/>\t\t\t\t\t\t\t\t\t\t\t\t\t\t\t<\/div>\n\t\t\t\t<\/div>\n\t\t\t\t\t<\/div>\n\t\t<\/div>\n\t\t\t\t\t<\/div>\n\t\t<\/section>\n\t\t\t\t<section class=\"elementor-section elementor-top-section elementor-element elementor-element-ea10358 elementor-section-boxed elementor-section-height-default elementor-section-height-default\" data-id=\"ea10358\" data-element_type=\"section\" data-e-type=\"section\">\n\t\t\t\t\t\t<div class=\"elementor-container elementor-column-gap-default\">\n\t\t\t\t\t<div class=\"elementor-column elementor-col-66 elementor-top-column elementor-element elementor-element-edcbfdb\" data-id=\"edcbfdb\" data-element_type=\"column\" data-e-type=\"column\">\n\t\t\t<div class=\"elementor-widget-wrap elementor-element-populated\">\n\t\t\t\t\t\t<div class=\"elementor-element elementor-element-6e35dad elementor-widget elementor-widget-text-editor\" data-id=\"6e35dad\" data-element_type=\"widget\" data-e-type=\"widget\" data-widget_type=\"text-editor.default\">\n\t\t\t\t<div class=\"elementor-widget-container\">\n\t\t\t\t\t\t\t\t\t<h3><span style=\"color: #ffff00;\"><span style=\"font-size: 1.5rem; font-style: inherit;\">1 november 2022:\u00a0<br \/><\/span>In memoriam Jan Barel<\/span><\/h3><div><p class=\"MsoNormal\"><span style=\"color: #333333;\">Op 1 november j.l. is Jan Barel overleden. Hij was in het verleden voorzitter van onze Heemkundekring en is in Zevenbergen bekend als de man die de geschiedenis van Zevenbergen van buiten kende en bovendien nog veel meer kennis in zijn archief had. Hij schreef stukjes over wandelingen door Zevenbergen en hij was de man van de stadswandelingen met tal van anekdotes, die zich met zijn galmende stem voor grote groepen verstaanbaar kon maken.<\/span><\/p><p class=\"MsoNormal\"><span style=\"color: #333333;\">Wij zijn hem dank verschuldigd. Wij wensen zijn familie sterkte met dit verlies<\/span>.<\/p><\/div>\t\t\t\t\t\t\t\t<\/div>\n\t\t\t\t<\/div>\n\t\t\t\t\t<\/div>\n\t\t<\/div>\n\t\t\t\t<div class=\"elementor-column elementor-col-33 elementor-top-column elementor-element elementor-element-8e700a1\" data-id=\"8e700a1\" data-element_type=\"column\" data-e-type=\"column\">\n\t\t\t<div class=\"elementor-widget-wrap elementor-element-populated\">\n\t\t\t\t\t\t<div class=\"elementor-element elementor-element-c1f4ae4 elementor-widget elementor-widget-image\" data-id=\"c1f4ae4\" data-element_type=\"widget\" data-e-type=\"widget\" data-widget_type=\"image.default\">\n\t\t\t\t<div class=\"elementor-widget-container\">\n\t\t\t\t\t\t\t\t\t\t\t\t\t\t\t<img loading=\"lazy\" decoding=\"async\" width=\"826\" height=\"1024\" src=\"https:\/\/dev.heemkundezevenbergen.nl\/wp-content\/uploads\/2023\/02\/Rouwkaart-Jan-Barel-826x1024.jpg\" class=\"attachment-large size-large wp-image-2122\" alt=\"\" srcset=\"https:\/\/dev.heemkundezevenbergen.nl\/wp-content\/uploads\/2023\/02\/Rouwkaart-Jan-Barel-826x1024.jpg 826w, https:\/\/dev.heemkundezevenbergen.nl\/wp-content\/uploads\/2023\/02\/Rouwkaart-Jan-Barel-242x300.jpg 242w, https:\/\/dev.heemkundezevenbergen.nl\/wp-content\/uploads\/2023\/02\/Rouwkaart-Jan-Barel-768x952.jpg 768w, https:\/\/dev.heemkundezevenbergen.nl\/wp-content\/uploads\/2023\/02\/Rouwkaart-Jan-Barel-1240x1536.jpg 1240w, https:\/\/dev.heemkundezevenbergen.nl\/wp-content\/uploads\/2023\/02\/Rouwkaart-Jan-Barel.jpg 1619w\" sizes=\"(max-width: 826px) 100vw, 826px\" \/>\t\t\t\t\t\t\t\t\t\t\t\t\t\t\t<\/div>\n\t\t\t\t<\/div>\n\t\t\t\t\t<\/div>\n\t\t<\/div>\n\t\t\t\t\t<\/div>\n\t\t<\/section>\n\t\t\t\t<section class=\"elementor-section elementor-top-section elementor-element elementor-element-20f8ea5 elementor-section-boxed elementor-section-height-default elementor-section-height-default\" data-id=\"20f8ea5\" data-element_type=\"section\" data-e-type=\"section\">\n\t\t\t\t\t\t<div class=\"elementor-container elementor-column-gap-default\">\n\t\t\t\t\t<div class=\"elementor-column elementor-col-100 elementor-top-column elementor-element elementor-element-7f95ce2\" data-id=\"7f95ce2\" data-element_type=\"column\" data-e-type=\"column\">\n\t\t\t<div class=\"elementor-widget-wrap elementor-element-populated\">\n\t\t\t\t\t\t<div class=\"elementor-element elementor-element-c3b0ad6 elementor-widget elementor-widget-image\" data-id=\"c3b0ad6\" data-element_type=\"widget\" data-e-type=\"widget\" data-widget_type=\"image.default\">\n\t\t\t\t<div class=\"elementor-widget-container\">\n\t\t\t\t\t\t\t\t\t\t\t\t\t\t\t<img loading=\"lazy\" decoding=\"async\" width=\"1024\" height=\"688\" src=\"https:\/\/dev.heemkundezevenbergen.nl\/wp-content\/uploads\/2023\/03\/Azelmastraat-1-1024x688.jpg\" class=\"attachment-large size-large wp-image-4408\" alt=\"\" srcset=\"https:\/\/dev.heemkundezevenbergen.nl\/wp-content\/uploads\/2023\/03\/Azelmastraat-1-1024x688.jpg 1024w, https:\/\/dev.heemkundezevenbergen.nl\/wp-content\/uploads\/2023\/03\/Azelmastraat-1-300x202.jpg 300w, https:\/\/dev.heemkundezevenbergen.nl\/wp-content\/uploads\/2023\/03\/Azelmastraat-1-768x516.jpg 768w, https:\/\/dev.heemkundezevenbergen.nl\/wp-content\/uploads\/2023\/03\/Azelmastraat-1-1536x1032.jpg 1536w, https:\/\/dev.heemkundezevenbergen.nl\/wp-content\/uploads\/2023\/03\/Azelmastraat-1-2048x1376.jpg 2048w\" sizes=\"(max-width: 1024px) 100vw, 1024px\" \/>\t\t\t\t\t\t\t\t\t\t\t\t\t\t\t<\/div>\n\t\t\t\t<\/div>\n\t\t\t\t\t<\/div>\n\t\t<\/div>\n\t\t\t\t\t<\/div>\n\t\t<\/section>\n\t\t\t\t<\/div>\n\t\t","protected":false},"excerpt":{"rendered":"<p>\u00a0 \u00a0 \u00a0 \u00a0 \u00a0 \u00a0 \u00a0 \u00a0 \u00a0 \u00a0 \u00a0 \u00a0 \u00a0 \u00a0 \u00a0 \u00a0 \u00a0 \u00a0 \u00a0 \u00a0 \u00a0 \u00a0Actueel 2 mei 2023: Lezing over Auschwitz: Zaal: Bij Verhoeven, Kerkstraat 8, Zevenbergen Herman Teerh\u00f6fer heeft 86 overlevenden van Auschwitz (in de leeftijd van 81 tot 97 jaar) ge\u00efnterviewd in Nederland, Belgi\u00eb, Duitsland, Isra\u00ebl, &hellip;<\/p>\n<p class=\"read-more\"> <a class=\"\" href=\"https:\/\/dev.heemkundezevenbergen.nl\/?page_id=3259\"> <span class=\"screen-reader-text\">ACTUEEL<\/span> Lees meer &raquo;<\/a><\/p>\n","protected":false},"author":1,"featured_media":0,"parent":0,"menu_order":0,"comment_status":"closed","ping_status":"closed","template":"","meta":{"site-sidebar-layout":"no-sidebar","site-content-layout":"page-builder","ast-global-header-display":"","ast-main-header-display":"","ast-hfb-above-header-display":"","ast-hfb-below-header-display":"","ast-hfb-mobile-header-display":"","site-post-title":"disabled","ast-breadcrumbs-content":"","ast-featured-img":"disabled","footer-sml-layout":"","theme-transparent-header-meta":"enabled","adv-header-id-meta":"","stick-header-meta":"","header-above-stick-meta":"","header-main-stick-meta":"","header-below-stick-meta":"","footnotes":""},"class_list":["post-3259","page","type-page","status-publish","hentry"],"_links":{"self":[{"href":"https:\/\/dev.heemkundezevenbergen.nl\/index.php?rest_route=\/wp\/v2\/pages\/3259","targetHints":{"allow":["GET"]}}],"collection":[{"href":"https:\/\/dev.heemkundezevenbergen.nl\/index.php?rest_route=\/wp\/v2\/pages"}],"about":[{"href":"https:\/\/dev.heemkundezevenbergen.nl\/index.php?rest_route=\/wp\/v2\/types\/page"}],"author":[{"embeddable":true,"href":"https:\/\/dev.heemkundezevenbergen.nl\/index.php?rest_route=\/wp\/v2\/users\/1"}],"replies":[{"embeddable":true,"href":"https:\/\/dev.heemkundezevenbergen.nl\/index.php?rest_route=%2Fwp%2Fv2%2Fcomments&post=3259"}],"version-history":[{"count":137,"href":"https:\/\/dev.heemkundezevenbergen.nl\/index.php?rest_route=\/wp\/v2\/pages\/3259\/revisions"}],"predecessor-version":[{"id":5145,"href":"https:\/\/dev.heemkundezevenbergen.nl\/index.php?rest_route=\/wp\/v2\/pages\/3259\/revisions\/5145"}],"wp:attachment":[{"href":"https:\/\/dev.heemkundezevenbergen.nl\/index.php?rest_route=%2Fwp%2Fv2%2Fmedia&parent=3259"}],"curies":[{"name":"wp","href":"https:\/\/api.w.org\/{rel}","templated":true}]}}